{"id":5916,"date":"2025-01-29T19:48:27","date_gmt":"2025-01-29T17:48:27","guid":{"rendered":"https:\/\/www.zusnizna.sk\/?page_id=5916"},"modified":"2025-02-11T14:35:22","modified_gmt":"2025-02-11T12:35:22","slug":"historia-skoly","status":"publish","type":"page","link":"https:\/\/www.zusnizna.sk\/?page_id=5916","title":{"rendered":"Hist\u00f3ria \u0161koly"},"content":{"rendered":"\n\n\n<p>Na\u0161a \u0161kola vznikla v roku <strong>1965<\/strong> z\u00e1sluhou vtedaj\u0161ieho u\u010dite\u013ea ZD\u0160 v Ni\u017enej <strong>Vendel\u00edna Habov\u0161tiaka.<\/strong> Najsk\u00f4r, pod n\u00e1zvom \u013dudov\u00e1 \u0161kola umenia fungovala ako pobo\u010dka \u013d\u0160U Trsten\u00e1. Ako samostatn\u00e1 \u013d\u0160U vznikla a\u017e v roku <strong>1976<\/strong>, kedy do funkcie riadite\u013ea nast\u00fapil u\u017e menovan\u00fd Vendel\u00edn Habov\u0161tiak a ostal v nej a\u017e do roku 1991. V hudobnom odbore vtedy p\u00f4sobili 4 kme\u0148ov\u00ed u\u010ditelia a vo v\u00fdtvarnom dvaja extern\u00ed u\u010ditelia. V prv\u00fdch rokoch existencie mala ZU\u0160 60-70 \u017eiakov.<\/p>\n<p>O \u00fapln\u00e9 osamostatnenie ZU\u0160 sa v roku <strong>1996<\/strong> zasl\u00fa\u017eila vtedaj\u0161ia riadite\u013eka <strong>Anna Psotov\u00e1<\/strong>. Po\u010das trin\u00e1stich rokov jej p\u00f4sobenia sa na \u0161kole podarilo rozbehn\u00fa\u0165 cel\u00fd v\u00fdchovno-vzdel\u00e1vac\u00ed proces, pribudol tane\u010dn\u00fd odbor a podarilo sa spusti\u0165 dnes u\u017e v\u00fdznamn\u00fa celoslovensk\u00fa s\u00fa\u0165a\u017e v hre na zobcovej flaute a dreven\u00fdch dychov\u00fdch n\u00e1strojoch &#8220;\u010carovn\u00e1 flauta&#8221;.<\/p>\n<p>V roku <strong>2016<\/strong> z\u00e1sluhou riadite\u013ea <strong>Petra Ku\u010dku<\/strong> a starostu obce Ni\u017en\u00e1 <strong>Jaroslava Rosinu<\/strong> z\u00edskala na\u0161a \u0161kola ofici\u00e1lny \u010destn\u00fd n\u00e1zov <strong>Z\u00e1kladn\u00e1 umeleck\u00e1 \u0161kola Vendel\u00edna Habov\u0161tiaka\u00a0<\/strong>na znak v\u010faky a uznania tomuto skromn\u00e9mu, no \u010dinorod\u00e9mu pedag\u00f3govi, organistovi a zbormajstrovi.<\/p>\n<p>\u010c\u00edtajte viac:\u00a0<a href=\"https:\/\/myorava.sme.sk\/c\/20212172\/niznania-pomenovali-skolu-po-vendelinovi-habovstiakovi.html\" target=\"_blank\" rel=\"noopener\">https:\/\/myorava.sme.sk\/c\/20212172\/niznania-pomenovali-skolu-po-vendelinovi-habovstiakovi.html<\/a><\/p>\n<p>\u00a0<\/p>\n\n\n\n<figure class=\"wp-block-image size-full\"><img decoding=\"async\" width=\"600\" height=\"440\" src=\"https:\/\/www.zusnizna.sk\/wp-content\/uploads\/2025\/01\/tablo.png\" alt=\"\" class=\"wp-image-5929\" srcset=\"https:\/\/www.zusnizna.sk\/wp-content\/uploads\/2025\/01\/tablo.png 600w, https:\/\/www.zusnizna.sk\/wp-content\/uploads\/2025\/01\/tablo-300x220.png 300w, https:\/\/www.zusnizna.sk\/wp-content\/uploads\/2025\/01\/tablo-80x60.png 80w\" sizes=\"(max-width: 600px) 100vw, 600px\" \/><figcaption class=\"wp-element-caption\">Absolventsk\u00e9 tablo z roku 1981. V\u013eavo pedag\u00f3govia \u013d\u0160U &#8211; riadite\u013e Vendel\u00edn Habov\u0161tiak, Anna Psotov\u00e1 a Du\u0161an Franek.<\/figcaption><\/figure>\n\n\n\n<figure class=\"wp-block-image size-full\"><img decoding=\"async\" width=\"600\" height=\"440\" src=\"https:\/\/www.zusnizna.sk\/wp-content\/uploads\/2025\/01\/Prepozicanie_cestneho_nazvu_zmensene.png\" alt=\"\" class=\"wp-image-5928\" srcset=\"https:\/\/www.zusnizna.sk\/wp-content\/uploads\/2025\/01\/Prepozicanie_cestneho_nazvu_zmensene.png 600w, https:\/\/www.zusnizna.sk\/wp-content\/uploads\/2025\/01\/Prepozicanie_cestneho_nazvu_zmensene-300x220.png 300w, https:\/\/www.zusnizna.sk\/wp-content\/uploads\/2025\/01\/Prepozicanie_cestneho_nazvu_zmensene-80x60.png 80w\" sizes=\"(max-width: 600px) 100vw, 600px\" \/><figcaption class=\"wp-element-caption\">Udelenie \u010destn\u00e9ho n\u00e1zvu ZU\u0160 V. Habov\u0161tiaka 30. 6. 2016. Z\u013eava starosta Ni\u017enej Jaroslav Rosina, dc\u00e9ra a man\u017eelka Vendel\u00edna Habov\u0161tiaka, Anna Psotov\u00e1, riadite\u013e Peter Ku\u010dka a Dana \u010cul\u00e1kov\u00e1 z odboru \u0161kolstva O\u00da v \u017diline.<\/figcaption><\/figure>\n<!-- PMB print buttons is only displayed on a single post\/page URLs-->","protected":false},"excerpt":{"rendered":"<div class=\"mh-excerpt\"><p>Na\u0161a \u0161kola vznikla v roku 1965 z\u00e1sluhou vtedaj\u0161ieho u\u010dite\u013ea ZD\u0160 v Ni\u017enej Vendel\u00edna Habov\u0161tiaka. Najsk\u00f4r, pod n\u00e1zvom \u013dudov\u00e1 \u0161kola umenia fungovala ako pobo\u010dka \u013d\u0160U Trsten\u00e1. <a class=\"mh-excerpt-more\" href=\"https:\/\/www.zusnizna.sk\/?page_id=5916\" title=\"Hist\u00f3ria \u0161koly\">[&#8230;]<\/a><\/p>\n<\/div>","protected":false},"author":3,"featured_media":0,"parent":178,"menu_order":1,"comment_status":"closed","ping_status":"closed","template":"","meta":[],"_links":{"self":[{"href":"https:\/\/www.zusnizna.sk\/index.php?rest_route=\/wp\/v2\/pages\/5916"}],"collection":[{"href":"https:\/\/www.zusnizna.sk\/index.php?rest_route=\/wp\/v2\/pages"}],"about":[{"href":"https:\/\/www.zusnizna.sk\/index.php?rest_route=\/wp\/v2\/types\/page"}],"author":[{"embeddable":true,"href":"https:\/\/www.zusnizna.sk\/index.php?rest_route=\/wp\/v2\/users\/3"}],"replies":[{"embeddable":true,"href":"https:\/\/www.zusnizna.sk\/index.php?rest_route=%2Fwp%2Fv2%2Fcomments&post=5916"}],"version-history":[{"count":6,"href":"https:\/\/www.zusnizna.sk\/index.php?rest_route=\/wp\/v2\/pages\/5916\/revisions"}],"predecessor-version":[{"id":5952,"href":"https:\/\/www.zusnizna.sk\/index.php?rest_route=\/wp\/v2\/pages\/5916\/revisions\/5952"}],"up":[{"embeddable":true,"href":"https:\/\/www.zusnizna.sk\/index.php?rest_route=\/wp\/v2\/pages\/178"}],"wp:attachment":[{"href":"https:\/\/www.zusnizna.sk\/index.php?rest_route=%2Fwp%2Fv2%2Fmedia&parent=5916"}],"curies":[{"name":"wp","href":"https:\/\/api.w.org\/{rel}","templated":true}]}}