{"id":34,"date":"2009-09-12T08:53:37","date_gmt":"2009-09-12T06:53:37","guid":{"rendered":"http:\/\/www.zusnizna.sk\/pokus\/?page_id=34"},"modified":"2025-03-20T18:21:27","modified_gmt":"2025-03-20T16:21:27","slug":"34-2","status":"publish","type":"page","link":"https:\/\/www.zusnizna.sk\/?page_id=34","title":{"rendered":"Odbory"},"content":{"rendered":"<p>V ZU\u0160 Vendel\u00edna Habov\u0161tiaka pon\u00fakame \u0161t\u00fadium v \u0161tyroch odboroch:<\/p>\n<h2 class=\"styl1\"><span style=\"color: #000000;\"><strong><span style=\"text-decoration: underline;\">Hudobn\u00fd odbor<img decoding=\"async\" class=\"size-medium wp-image-5986 alignright\" src=\"https:\/\/www.zusnizna.sk\/wp-content\/uploads\/2025\/03\/Komorny-slacikovy-orchester-s-hostom-Milanom-Hornakom-na-Adventnom-koncerte-v-habovskom-kostole-300x200.jpg\" alt=\"\" width=\"300\" height=\"200\" srcset=\"https:\/\/www.zusnizna.sk\/wp-content\/uploads\/2025\/03\/Komorny-slacikovy-orchester-s-hostom-Milanom-Hornakom-na-Adventnom-koncerte-v-habovskom-kostole-300x200.jpg 300w, https:\/\/www.zusnizna.sk\/wp-content\/uploads\/2025\/03\/Komorny-slacikovy-orchester-s-hostom-Milanom-Hornakom-na-Adventnom-koncerte-v-habovskom-kostole-1024x683.jpg 1024w, https:\/\/www.zusnizna.sk\/wp-content\/uploads\/2025\/03\/Komorny-slacikovy-orchester-s-hostom-Milanom-Hornakom-na-Adventnom-koncerte-v-habovskom-kostole-768x512.jpg 768w, https:\/\/www.zusnizna.sk\/wp-content\/uploads\/2025\/03\/Komorny-slacikovy-orchester-s-hostom-Milanom-Hornakom-na-Adventnom-koncerte-v-habovskom-kostole.jpg 1080w\" sizes=\"(max-width: 300px) 100vw, 300px\" \/><\/span><\/strong><\/span><\/h2>\n<p>V hudobnom odbore sa vyu\u010duje hra na <strong>klav\u00edri, akorde\u00f3ne, husliach, gitare<\/strong>, \u010falej hra na <strong>zobcovej a prie\u010dnej flaute, saxof\u00f3ne, bic\u00edch n\u00e1strojoch<\/strong>, ako aj <strong>spev<\/strong> a <strong>hudobn\u00e1 n\u00e1uka<\/strong>.<\/p>\n<p><span class=\"styl3\"><span style=\"text-decoration: underline;\">Oddelenie kl\u00e1vesov\u00fdch n\u00e1strojov<\/span><\/span><\/p>\n<ul>\n<li class=\"styl4\">hra na klav\u00edri <span class=\"styl6\">&#8211; Mgr. art. Pavol Ba\u017e\u00edk, Mgr. M\u00e1ria Bistarov\u00e1, DiS. art., Alena Hlavajov\u00e1, DiS. art., Monika Madle\u0148\u00e1kov\u00e1, DiS. art., Mgr. Marta Podbie\u013ean\u010d\u00edkov\u00e1, Mgr. Eva \u0160imi\u010d\u00e1kov\u00e1; Juraj Tomadl\u00edk, Zuzana \u017duffov\u00e1\u00a0<\/span><\/li>\n<li class=\"styl4\">hra na akorde\u00f3ne\u00a0<span class=\"styl6\"> &#8211; Elena Ballekov\u00e1, Juraj Tomadl\u00edk<\/span><\/li>\n<\/ul>\n<p class=\"styl3\"><em><span style=\"text-decoration: underline;\">Oddelenie bic\u00edch n\u00e1strojov, dychov\u00fdch n\u00e1strojov a spevu<\/span><\/em><\/p>\n<ul>\n<li class=\"styl4\">hra na zobcovej flaute &#8211; <span class=\"styl6\">Katar\u00edna Ba\u010dov\u00e1, Mgr. Zdeno Reguly, Zuzana Such\u00e1nkov\u00e1\u00a0<\/span><\/li>\n<li class=\"styl4\">hra na prie\u010dnej flaute &#8211; <span class=\"styl6\">Katar\u00edna Ba\u010dov\u00e1<\/span><\/li>\n<li class=\"styl4\">hra na saxof\u00f3ne &#8211; Katar\u00edna Ba\u010dov\u00e1, Mgr. Zdeno Reguly<\/li>\n<li class=\"styl4\">spev &#8211; Mgr. art. Pavol Ba\u017e\u00edk<\/li>\n<li>hra na bic\u00edch n\u00e1strojoch &#8211; Mgr. Bohuslav Kortman, J\u00e1n Kubas<\/li>\n<\/ul>\n<p class=\"styl3\"><em><span style=\"text-decoration: underline;\">Oddelenie strunov\u00fdch n\u00e1strojov<\/span><\/em><\/p>\n<ul>\n<li class=\"styl4\">hra na husliach &#8211; <span class=\"styl6\">Peter Ku\u010dka, Petra Ku\u010dkov\u00e1, DiS. art., Mgr. art. Adri\u00e1n Malovan\u00edk, Mgr. Bohuslav Kortman, Miroslav \u0160tefan, DiS. art.\u00a0<\/span><\/li>\n<li class=\"styl4\">hra na gitare &#8211; J\u00e1n Kubas, <span class=\"styl6\">Mgr. Zdeno Reguly, D\u00e1vid \u0160\u00e1ndor, DiS. art.<\/span><\/li>\n<\/ul>\n<p class=\"styl3\"><em><span style=\"text-decoration: underline;\">Oddelenie kolekt\u00edvnych predmetov<\/span><\/em><\/p>\n<ul>\n<li class=\"styl4\">pr\u00edpravn\u00e1 hudobn\u00e1 v\u00fdchova &#8211; Katar\u00edna Ba\u010dov\u00e1<\/li>\n<li class=\"styl4\">hudobn\u00e1 n\u00e1uka &#8211; Katar\u00edna Ba\u010dov\u00e1, <span class=\"styl6\">Mgr. Bohuslav Kortman, Mgr. Marta Podbie\u013ean\u010d\u00edkov\u00e1, <\/span><span class=\"styl6\">Mgr. Eva \u0160imi\u010d\u00e1kov\u00e1, Zuzana \u017duffov\u00e1<\/span><\/li>\n<\/ul>\n<h2><\/h2>\n<h2><span style=\"color: #000000;\"><strong><span style=\"text-decoration: underline;\"><img decoding=\"async\" class=\"size-medium wp-image-5799 alignright\" src=\"https:\/\/www.zusnizna.sk\/wp-content\/uploads\/2024\/11\/DSC08674-300x200.jpg\" alt=\"\" width=\"300\" height=\"200\" srcset=\"https:\/\/www.zusnizna.sk\/wp-content\/uploads\/2024\/11\/DSC08674-300x200.jpg 300w, https:\/\/www.zusnizna.sk\/wp-content\/uploads\/2024\/11\/DSC08674-1024x683.jpg 1024w, https:\/\/www.zusnizna.sk\/wp-content\/uploads\/2024\/11\/DSC08674-768x512.jpg 768w, https:\/\/www.zusnizna.sk\/wp-content\/uploads\/2024\/11\/DSC08674-1536x1024.jpg 1536w, https:\/\/www.zusnizna.sk\/wp-content\/uploads\/2024\/11\/DSC08674-2048x1365.jpg 2048w\" sizes=\"(max-width: 300px) 100vw, 300px\" \/>Tane\u010dn\u00fd odbor<\/span><\/strong><\/span><\/h2>\n<p>V tane\u010dnom odbore vyu\u010duj\u00fa Katar\u00edna Ba\u010dov\u00e1,\u00a0Mgr. Miroslava Malatinkov\u00e1 a Mgr. Martina Or\u010d\u00edkov\u00e1\u00a0predmety:<\/p>\n<ul>\n<li><span class=\"styl6\"><span style=\"color: initial;\">tane\u010dn\u00e1 pr\u00edprava<\/span><\/span><\/li>\n<li class=\"styl4\">tane\u010dn\u00e1 prax<\/li>\n<li class=\"styl4\">klasick\u00fd tanec<\/li>\n<li class=\"styl4\">kreat\u00edvny tanec<\/li>\n<li class=\"styl4\">\u013eudov\u00fd tanec<\/li>\n<li class=\"styl4\">modern\u00fd tanec<\/li>\n<li class=\"styl4\">country tanec<\/li>\n<li class=\"styl4\">n\u00e1rodn\u00e9 tance<\/li>\n<li class=\"styl4\">clogging<\/li>\n<\/ul>\n<h2><span style=\"color: #000000;\"><strong class=\"styl1\"><span style=\"text-decoration: underline;\"><img decoding=\"async\" class=\" wp-image-4435 alignright\" src=\"https:\/\/www.zusnizna.sk\/wp-content\/uploads\/2021\/03\/IMG_20210225_192552-225x300.jpg\" alt=\"\" width=\"148\" height=\"197\" \/><strong class=\"styl1\" style=\"font-size: revert;\"><strong class=\"styl1\" style=\"font-size: revert;\">V\u00fdtvarn\u00fd odbor<\/strong><\/strong><\/span><\/strong><\/span><\/h2>\n<p><span class=\"styl6\">Mgr. art. Al\u017ebeta Martof Pav\u010dov\u00e1, Bc. Nat\u00e1lia Stasov\u00e1<\/span><\/p>\n<ul>\n<li class=\"styl4\">kresba<\/li>\n<li class=\"styl4\">ma\u013eba<\/li>\n<li class=\"styl4\">grafika<\/li>\n<li class=\"styl4\">modelovanie<\/li>\n<li class=\"styl4\">dekorat\u00edvne \u010dinnosti<\/li>\n<\/ul>\n<h2><span style=\"color: #000000;\"><span class=\"styl1\"><strong><span style=\"text-decoration: underline;\"><img decoding=\"async\" class=\"size-medium wp-image-5687 alignright\" src=\"https:\/\/www.zusnizna.sk\/wp-content\/uploads\/2024\/05\/plagat-1-1-300x132.jpg\" alt=\"\" width=\"300\" height=\"132\" srcset=\"https:\/\/www.zusnizna.sk\/wp-content\/uploads\/2024\/05\/plagat-1-1-300x132.jpg 300w, https:\/\/www.zusnizna.sk\/wp-content\/uploads\/2024\/05\/plagat-1-1.jpg 600w\" sizes=\"(max-width: 300px) 100vw, 300px\" \/>Liter\u00e1rno-dramatick\u00fd odbor<\/span><\/strong><\/span><\/span><\/h2>\n<ul>\n<li>dramatick\u00e9 a slovesn\u00e9 oddelenie<\/li>\n<\/ul>\n<p><span class=\"styl6\">Bc. Ag\u00e1ta Ga\u0161perec Brozov\u00e1<\/span><\/p>\n<!-- PMB print buttons is only displayed on a single post\/page URLs-->","protected":false},"excerpt":{"rendered":"<div class=\"mh-excerpt\"><p>V ZU\u0160 Vendel\u00edna Habov\u0161tiaka pon\u00fakame \u0161t\u00fadium v \u0161tyroch odboroch: Hudobn\u00fd odbor V hudobnom odbore sa vyu\u010duje hra na klav\u00edri, akorde\u00f3ne, husliach, gitare, \u010falej hra na <a class=\"mh-excerpt-more\" href=\"https:\/\/www.zusnizna.sk\/?page_id=34\" title=\"Odbory\">[&#8230;]<\/a><\/p>\n<\/div>","protected":false},"author":2,"featured_media":0,"parent":178,"menu_order":2,"comment_status":"closed","ping_status":"closed","template":"","meta":[],"_links":{"self":[{"href":"https:\/\/www.zusnizna.sk\/index.php?rest_route=\/wp\/v2\/pages\/34"}],"collection":[{"href":"https:\/\/www.zusnizna.sk\/index.php?rest_route=\/wp\/v2\/pages"}],"about":[{"href":"https:\/\/www.zusnizna.sk\/index.php?rest_route=\/wp\/v2\/types\/page"}],"author":[{"embeddable":true,"href":"https:\/\/www.zusnizna.sk\/index.php?rest_route=\/wp\/v2\/users\/2"}],"replies":[{"embeddable":true,"href":"https:\/\/www.zusnizna.sk\/index.php?rest_route=%2Fwp%2Fv2%2Fcomments&post=34"}],"version-history":[{"count":7,"href":"https:\/\/www.zusnizna.sk\/index.php?rest_route=\/wp\/v2\/pages\/34\/revisions"}],"predecessor-version":[{"id":5990,"href":"https:\/\/www.zusnizna.sk\/index.php?rest_route=\/wp\/v2\/pages\/34\/revisions\/5990"}],"up":[{"embeddable":true,"href":"https:\/\/www.zusnizna.sk\/index.php?rest_route=\/wp\/v2\/pages\/178"}],"wp:attachment":[{"href":"https:\/\/www.zusnizna.sk\/index.php?rest_route=%2Fwp%2Fv2%2Fmedia&parent=34"}],"curies":[{"name":"wp","href":"https:\/\/api.w.org\/{rel}","templated":true}]}}