{"id":2079,"date":"2017-10-14T15:40:52","date_gmt":"2017-10-14T13:40:52","guid":{"rendered":"http:\/\/www.zusnizna.sk\/page\/?page_id=2079"},"modified":"2019-10-10T09:10:36","modified_gmt":"2019-10-10T07:10:36","slug":"personalne-obsadenie-skoly-v-sk-roku-20132014","status":"publish","type":"page","link":"https:\/\/www.zusnizna.sk\/?page_id=2079","title":{"rendered":"Person\u00e1lne obsadenie \u0161koly v \u0161k. roku 2017\/2018"},"content":{"rendered":"<h3>Vedenie \u0161koly:<\/h3>\n<p><strong>Peter Ku\u010dka:<\/strong> riadite\u013e \u0161koly<\/p>\n<p><strong>Alena Hlavajov\u00e1:<\/strong> z\u00e1stupky\u0148a riadite\u013ea \u0161koly<\/p>\n<p>&nbsp;<\/p>\n<h3>Pedag\u00f3govia v hudobnom odbore:<\/h3>\n<ol>\n<li>Katar\u00edna Ba\u010dov\u00e1 &#8211; zobcov\u00e1 flauta, prie\u010dna flauta<\/li>\n<li>Elena Ballekov\u00e1 &#8211; akorde\u00f3n<\/li>\n<li>art. Pavol Ba\u017e\u00edk &#8211; spev<\/li>\n<li>Mgr. M\u00e1ria Bistarov\u00e1 &#8211; klav\u00edr<\/li>\n<li>Alena Hlavajov\u00e1 &#8211; klav\u00edr<\/li>\n<li>Mgr. Bohuslav Kortman &#8211; husle<\/li>\n<li>M\u00e1rio Kubas &#8211; gitara<\/li>\n<li>Peter Ku\u010dka &#8211; husle<\/li>\n<li>Mgr. Janka Ku\u010dkov\u00e1 &#8211; husle<\/li>\n<li>Petra Ku\u010dkov\u00e1 &#8211; husle<\/li>\n<li>Monika Madle\u0148\u00e1kov\u00e1 &#8211; klav\u00edr<\/li>\n<li>Magdal\u00e9na Mat\u00fa\u0161ov\u00e1 &#8211; husle<\/li>\n<li>Mgr. Marta Podbie\u013ean\u010d\u00edkov\u00e1 &#8211; klav\u00edr &#8211; MD<\/li>\n<li>Mgr. Zdeno Reguly &#8211; zobcov\u00e1 flauta, gitara<\/li>\n<li>Zuzana Such\u00e1nkov\u00e1 &#8211; zobcov\u00e1 flauta<\/li>\n<li>D\u00e1vid \u0160\u00e1ndor &#8211; gitara<\/li>\n<li>Mgr. Eva \u0160imi\u010d\u00e1kov\u00e1 &#8211; klav\u00edr<\/li>\n<li>Miroslav \u0160tefan &#8211; husle<\/li>\n<li>Juraj Tomadl\u00edk &#8211; klav\u00edr, akorde\u00f3n<\/li>\n<li>Zuzana Zubersk\u00e1 &#8211; klav\u00edr<\/li>\n<li>Zuzana \u017duffov\u00e1 &#8211; klav\u00edr<\/li>\n<\/ol>\n<p>&nbsp;<\/p>\n<h3>Pedag\u00f3govia v tane\u010dnom odbore:<\/h3>\n<ol>\n<li>\u013dubom\u00edr Jarol\u00edn<\/li>\n<li>Mgr. Miroslava Malatinkov\u00e1,<\/li>\n<\/ol>\n<p>&nbsp;<\/p>\n<h3><strong>&nbsp;<\/strong>Pedag\u00f3govia vo v\u00fdtvarnom odbore:<\/h3>\n<ol>\n<li>Mgr. Barbora, Teke\u013eov\u00e1<\/li>\n<li>Bc. Nat\u00e1lia Stasov\u00e1<\/li>\n<\/ol>\n<p>&nbsp;<\/p>\n<h3>Pedag\u00f3govia v liter\u00e1rno \u2013 dramatickom odbore:<\/h3>\n<ol>\n<li>Mgr. Jaroslav Broz<\/li>\n<li>Mgr. Zdena Brozov\u00e1<\/li>\n<\/ol>\n<p>&nbsp;<\/p>\n<h3>Nepedagogick\u00ed zamestnanci:<\/h3>\n<ol>\n<li>O\u013ega Mi\u0161\u00edkov\u00e1<\/li>\n<li>Anna Paz\u00farikov\u00e1<\/li>\n<li>Miroslav Rosina<\/li>\n<li>Ing. Du\u0161an \u0160tevek<\/li>\n<li>Marianna \u0160tubendekov\u00e1<\/li>\n<li>Darina Zajacov\u00e1<\/li>\n<\/ol>\n<!-- PMB print buttons is only displayed on a single post\/page URLs-->","protected":false},"excerpt":{"rendered":"<div class=\"mh-excerpt\"><p>Vedenie \u0161koly: Peter Ku\u010dka: riadite\u013e \u0161koly Alena Hlavajov\u00e1: z\u00e1stupky\u0148a riadite\u013ea \u0161koly &nbsp; Pedag\u00f3govia v hudobnom odbore: Katar\u00edna Ba\u010dov\u00e1 &#8211; zobcov\u00e1 flauta, prie\u010dna flauta Elena Ballekov\u00e1 <a class=\"mh-excerpt-more\" href=\"https:\/\/www.zusnizna.sk\/?page_id=2079\" title=\"Person\u00e1lne obsadenie \u0161koly v \u0161k. roku 2017\/2018\">[&#8230;]<\/a><\/p>\n<\/div>","protected":false},"author":3,"featured_media":3174,"parent":178,"menu_order":0,"comment_status":"closed","ping_status":"closed","template":"","meta":[],"_links":{"self":[{"href":"https:\/\/www.zusnizna.sk\/index.php?rest_route=\/wp\/v2\/pages\/2079"}],"collection":[{"href":"https:\/\/www.zusnizna.sk\/index.php?rest_route=\/wp\/v2\/pages"}],"about":[{"href":"https:\/\/www.zusnizna.sk\/index.php?rest_route=\/wp\/v2\/types\/page"}],"author":[{"embeddable":true,"href":"https:\/\/www.zusnizna.sk\/index.php?rest_route=\/wp\/v2\/users\/3"}],"replies":[{"embeddable":true,"href":"https:\/\/www.zusnizna.sk\/index.php?rest_route=%2Fwp%2Fv2%2Fcomments&post=2079"}],"version-history":[{"count":2,"href":"https:\/\/www.zusnizna.sk\/index.php?rest_route=\/wp\/v2\/pages\/2079\/revisions"}],"predecessor-version":[{"id":3734,"href":"https:\/\/www.zusnizna.sk\/index.php?rest_route=\/wp\/v2\/pages\/2079\/revisions\/3734"}],"up":[{"embeddable":true,"href":"https:\/\/www.zusnizna.sk\/index.php?rest_route=\/wp\/v2\/pages\/178"}],"wp:featuredmedia":[{"embeddable":true,"href":"https:\/\/www.zusnizna.sk\/index.php?rest_route=\/wp\/v2\/media\/3174"}],"wp:attachment":[{"href":"https:\/\/www.zusnizna.sk\/index.php?rest_route=%2Fwp%2Fv2%2Fmedia&parent=2079"}],"curies":[{"name":"wp","href":"https:\/\/api.w.org\/{rel}","templated":true}]}}