{"id":178,"date":"2009-09-27T13:27:35","date_gmt":"2009-09-27T11:27:35","guid":{"rendered":"http:\/\/www.zusnizna.sk\/page\/?page_id=178"},"modified":"2025-03-20T19:05:29","modified_gmt":"2025-03-20T17:05:29","slug":"o-skole","status":"publish","type":"page","link":"https:\/\/www.zusnizna.sk\/?page_id=178","title":{"rendered":"O \u0161kole"},"content":{"rendered":"<p><strong><img decoding=\"async\" class=\"wp-image-5757 alignright\" src=\"https:\/\/www.zusnizna.sk\/wp-content\/uploads\/2023\/10\/6-300x297.jpg\" alt=\"\" width=\"229\" height=\"227\" srcset=\"https:\/\/www.zusnizna.sk\/wp-content\/uploads\/2023\/10\/6-300x297.jpg 300w, https:\/\/www.zusnizna.sk\/wp-content\/uploads\/2023\/10\/6-150x150.jpg 150w, https:\/\/www.zusnizna.sk\/wp-content\/uploads\/2023\/10\/6.jpg 550w\" sizes=\"(max-width: 229px) 100vw, 229px\" \/><\/strong><\/p>\n<p><strong>Vitajte na str\u00e1nkach Z\u00e1kladnej umeleckej \u0161koly Vendel\u00edna Habov\u0161tiaka v Ni\u017enej<\/strong><\/p>\n<p>Na\u0161a \u0161kola poskytuje kvalitn\u00e9 vzdelanie v oblastiach <strong>hudby<\/strong>, <strong>tanca<\/strong>, <strong>v\u00fdtvarn\u00e9ho umenia<\/strong> a <strong>liter\u00e1rno-dramatick\u00e9ho<\/strong> umenia. Sme zameran\u00ed na rozvoj kreativity a osobn\u00e9ho rastu \u017eiakov v pr\u00edjemnom a podporuj\u00facom prostred\u00ed.<\/p>\n<p>V na\u0161ej \u0161kole u\u010d\u00edme deti a mlad\u00fdch \u013eud\u00ed nielen ako hra\u0165, spieva\u0165, tancova\u0165 \u010di ma\u013eova\u0165, ale aj l\u00e1ske k umeniu a kult\u00fare. Z\u00e1rove\u0148 vytv\u00e1rame priestor na sebarealiz\u00e1ciu a rozvoj osobnosti ka\u017ed\u00e9ho jednotlivca.<\/p>\n<p>Ak m\u00e1te z\u00e1ujem o umeleck\u00e9 vzdelanie, ste na spr\u00e1vnom mieste. R\u00e1di v\u00e1s priv\u00edtame medzi nami!<\/p>\n<p>Zria\u010fovate\u013eom \u0161koly je <strong>obec Ni\u017en\u00e1<\/strong>. Ved\u00faci zamestnanci s\u00fa<\/p>\n<p><strong>Peter Ku\u010dka<\/strong> &#8211; riadite\u013e \u0161koly<img decoding=\"async\" class=\"size-medium wp-image-5991 alignleft\" src=\"https:\/\/www.zusnizna.sk\/wp-content\/uploads\/2025\/03\/DSC_0256-200x300.jpg\" alt=\"\" width=\"200\" height=\"300\" srcset=\"https:\/\/www.zusnizna.sk\/wp-content\/uploads\/2025\/03\/DSC_0256-200x300.jpg 200w, https:\/\/www.zusnizna.sk\/wp-content\/uploads\/2025\/03\/DSC_0256-683x1024.jpg 683w, https:\/\/www.zusnizna.sk\/wp-content\/uploads\/2025\/03\/DSC_0256-768x1152.jpg 768w, https:\/\/www.zusnizna.sk\/wp-content\/uploads\/2025\/03\/DSC_0256-1024x1536.jpg 1024w, https:\/\/www.zusnizna.sk\/wp-content\/uploads\/2025\/03\/DSC_0256-1365x2048.jpg 1365w, https:\/\/www.zusnizna.sk\/wp-content\/uploads\/2025\/03\/DSC_0256-scaled.jpg 1707w\" sizes=\"(max-width: 200px) 100vw, 200px\" \/><\/p>\n<p>\u00a0<\/p>\n<p>\u00a0<\/p>\n<p>\u00a0<\/p>\n<p>\u00a0<\/p>\n<p>\u00a0<\/p>\n<p>\u00a0<\/p>\n<p>\u00a0<\/p>\n<p><img decoding=\"async\" class=\"size-medium wp-image-5992 alignleft\" style=\"color: initial;\" src=\"https:\/\/www.zusnizna.sk\/wp-content\/uploads\/2025\/03\/Alena-Hlavajova-300x225.jpg\" alt=\"\" width=\"300\" height=\"225\" srcset=\"https:\/\/www.zusnizna.sk\/wp-content\/uploads\/2025\/03\/Alena-Hlavajova-300x225.jpg 300w, https:\/\/www.zusnizna.sk\/wp-content\/uploads\/2025\/03\/Alena-Hlavajova-1024x768.jpg 1024w, https:\/\/www.zusnizna.sk\/wp-content\/uploads\/2025\/03\/Alena-Hlavajova-768x576.jpg 768w, https:\/\/www.zusnizna.sk\/wp-content\/uploads\/2025\/03\/Alena-Hlavajova-1536x1152.jpg 1536w, https:\/\/www.zusnizna.sk\/wp-content\/uploads\/2025\/03\/Alena-Hlavajova-2048x1536.jpg 2048w, https:\/\/www.zusnizna.sk\/wp-content\/uploads\/2025\/03\/Alena-Hlavajova-678x509.jpg 678w, https:\/\/www.zusnizna.sk\/wp-content\/uploads\/2025\/03\/Alena-Hlavajova-326x245.jpg 326w, https:\/\/www.zusnizna.sk\/wp-content\/uploads\/2025\/03\/Alena-Hlavajova-80x60.jpg 80w\" sizes=\"(max-width: 300px) 100vw, 300px\" \/><strong>Alena Hlavajov\u00e1, Dis. art.<\/strong> &#8211; z\u00e1stupky\u0148a riadite\u013ea \u0161koly<\/p>\n<p>\u00a0<\/p>\n<p>\u00a0<\/p>\n<p>\u00a0<\/p>\n<p>\u00a0<\/p>\n<p>\u00a0<\/p>\n\n\n<div class=\"is-layout-flex wp-block-buttons\"><\/div>\n\n\n\n<ul>\n<li><strong><a href=\"https:\/\/www.zusnizna.sk\/?page_id=5916\">Hist\u00f3ria \u0161koly<\/a><\/strong><\/li>\n<\/ul>\n\n\n\n<div class=\"is-layout-flex wp-block-buttons\"><\/div>\n\n\n\n<ul>\n<li><strong><a href=\"https:\/\/www.zusnizna.sk\/?page_id=5922\">Vendel\u00edn Habov\u0161tiak<\/a><\/strong><\/li>\n<\/ul>\n<!-- PMB print buttons is only displayed on a single post\/page URLs-->","protected":false},"excerpt":{"rendered":"<div class=\"mh-excerpt\"><p>Vitajte na str\u00e1nkach Z\u00e1kladnej umeleckej \u0161koly Vendel\u00edna Habov\u0161tiaka v Ni\u017enej Na\u0161a \u0161kola poskytuje kvalitn\u00e9 vzdelanie v oblastiach hudby, tanca, v\u00fdtvarn\u00e9ho umenia a liter\u00e1rno-dramatick\u00e9ho umenia. Sme <a class=\"mh-excerpt-more\" href=\"https:\/\/www.zusnizna.sk\/?page_id=178\" title=\"O \u0161kole\">[&#8230;]<\/a><\/p>\n<\/div>","protected":false},"author":1,"featured_media":0,"parent":0,"menu_order":1,"comment_status":"closed","ping_status":"closed","template":"","meta":[],"_links":{"self":[{"href":"https:\/\/www.zusnizna.sk\/index.php?rest_route=\/wp\/v2\/pages\/178"}],"collection":[{"href":"https:\/\/www.zusnizna.sk\/index.php?rest_route=\/wp\/v2\/pages"}],"about":[{"href":"https:\/\/www.zusnizna.sk\/index.php?rest_route=\/wp\/v2\/types\/page"}],"author":[{"embeddable":true,"href":"https:\/\/www.zusnizna.sk\/index.php?rest_route=\/wp\/v2\/users\/1"}],"replies":[{"embeddable":true,"href":"https:\/\/www.zusnizna.sk\/index.php?rest_route=%2Fwp%2Fv2%2Fcomments&post=178"}],"version-history":[{"count":8,"href":"https:\/\/www.zusnizna.sk\/index.php?rest_route=\/wp\/v2\/pages\/178\/revisions"}],"predecessor-version":[{"id":5995,"href":"https:\/\/www.zusnizna.sk\/index.php?rest_route=\/wp\/v2\/pages\/178\/revisions\/5995"}],"wp:attachment":[{"href":"https:\/\/www.zusnizna.sk\/index.php?rest_route=%2Fwp%2Fv2%2Fmedia&parent=178"}],"curies":[{"name":"wp","href":"https:\/\/api.w.org\/{rel}","templated":true}]}}