{"id":156,"date":"2009-09-27T10:11:46","date_gmt":"2009-09-27T08:11:46","guid":{"rendered":"http:\/\/www.zusnizna.sk\/page\/?page_id=156"},"modified":"2016-10-13T09:39:06","modified_gmt":"2016-10-13T07:39:06","slug":"napiste-nam","status":"publish","type":"page","link":"https:\/\/www.zusnizna.sk\/?page_id=156","title":{"rendered":"Nap\u00ed\u0161te n\u00e1m"},"content":{"rendered":"<div style=\"display:none\" class=\"fm-form-container fm-theme4\"><div id=\"fm-pages10\" class=\"fm-pages wdform_page_navigation \" show_title=\"false\" show_numbers=\"true\" type=\"none\"><\/div><form name=\"form10\" action=\"\/index.php?rest_route=%2Fwp%2Fv2%2Fpages%2F156\" method=\"post\" id=\"form10\" class=\"fm-form form10  \" enctype=\"multipart\/form-data\"><input type=\"hidden\" id=\"counter10\" value=\"9\" name=\"counter10\" \/><input type=\"hidden\" id=\"Itemid10\" value=\"\" name=\"Itemid10\" \/><input type=\"text\" class=\"fm-hide\" id=\"fm_bot_validation10\" value=\"\" name=\"fm_bot_validation10\" \/><input type=\"text\" class=\"fm-hide\" id=\"fm_empty_field_validation10\" value=\"\" name=\"fm_empty_field_validation10\" data-value=\"7445a6f44652697e8599f02f19addab9\" \/><input type=\"hidden\" id=\"fm_form_nonce10\" name=\"fm_form_nonce10\" value=\"5f151c60a2\" \/><input type=\"hidden\" name=\"_wp_http_referer\" value=\"\/index.php?rest_route=%2Fwp%2Fv2%2Fpages%2F156\" \/><div class=\"wdform-page-and-images\" style=\"display:table; border-top:0px solid black;\"><div id=\"10form_view1\" class=\"wdform_page\" page_title=\"Untitled page\" next_title=\"Next\" next_type=\"text\" next_class=\"wdform-page-button\" next_checkable=\"false\" previous_title=\"Previous\" previous_type=\"text\" previous_class=\"wdform-page-button\" previous_checkable=\"false\"><div class=\"wdform_section\"><div class=\"wdform_column \"><div wdid=\"1\" class=\"wdform_row \"><div type=\"type_text\" class=\"wdform-field wd-width-100 wd-flex wd-flex-row\"><div class=\"wdform-label-section wd-width-30  wd-flex-row wd-align-items-center\" style=\"max-width: 100px;\">    <label  for=\"wdform_1_element10\" class=\"wdform-label\">Meno:<\/label><span class=\"wdform-required\">*<\/span><\/div><div class=\"wdform-element-section wd-flex  wd-flex-row wd-align-items-center wd-width-70\" style=\"max-width: 200px;\"><input type=\"text\"                           class=\"wd-width-100\"                           id=\"wdform_1_element10\"                           name=\"wdform_1_element10\"                           value=\"\"                           title=\"\"                           placeholder=\"\"                                                       \/><\/div><\/div><\/div><div wdid=\"2\" class=\"wdform_row \"><div type=\"type_text\" class=\"wdform-field wd-width-100 wd-flex wd-flex-row\"><div class=\"wdform-label-section wd-width-30  wd-flex-row wd-align-items-center\" style=\"max-width: 100px;\">    <label  for=\"wdform_2_element10\" class=\"wdform-label\">Priezvisko:<\/label><span class=\"wdform-required\">*<\/span><\/div><div class=\"wdform-element-section wd-flex  wd-flex-row wd-align-items-center wd-width-70\" style=\"max-width: 200px;\"><input type=\"text\"                           class=\"wd-width-100\"                           id=\"wdform_2_element10\"                           name=\"wdform_2_element10\"                           value=\"\"                           title=\"\"                           placeholder=\"\"                                                       \/><\/div><\/div><\/div><div wdid=\"4\" class=\"wdform_row \"><div type=\"type_submitter_mail\" class=\"wdform-field wd-width-100 wd-flex wd-flex-row\"><div class=\"wdform-label-section wd-width-30  wd-flex-row\" style=\"max-width: 100px;\">    <label  for=\"wdform_4_element10\" class=\"wdform-label\">E-mail:<\/label><span class=\"wdform-required\">*<\/span><\/div><div class=\"wdform-element-section wd-flex  wd-flex-row wd-width-70\" style=\"max-width: 200px;\"><input type=\"text\" class=\"wd-width-100\" id=\"wdform_4_element10\" name=\"wdform_4_element10\" value=\"\" title=\"\" placeholder=\"\"   onchange=\"wd_check_email('4', '10', 'This is not a valid email address.')\" \/><\/div><\/div><\/div><div wdid=\"5\" class=\"wdform_row \"><div type=\"type_textarea\" class=\"wdform-field wd-width-100 wd-flex wd-flex-row\"><div class=\"wdform-label-section wd-width-30 \" style=\"max-width: 100px;\">    <label  for=\"wdform_5_element10\" class=\"wdform-label\">Text:<\/label><span class=\"wdform-required\">*<\/span><\/div><div class=\"wdform-element-section wd-flex  wd-width-70\" style=\"max-width: 200px;\"><textarea class=\"wd-width-100\"                      id=\"wdform_5_element10\"                      name=\"wdform_5_element10\"                      placeholder=\"\"                      style=\"height: 100px;\"                      ><\/textarea><\/div><\/div><\/div><div wdid=\"6\" class=\"wdform_row \"><div type=\"type_recaptcha\" class=\"wdform-field wd-width-100 wd-flex wd-flex-row\"><div class=\"wdform-label-section wd-width-30 wd-flex-row\" style=\"max-width: 100px;\">    <label  class=\"wdform-label\"> <\/label><\/div><div class=\"wdform-element-section wd-flex wd-flex-row wd-width-70\" ><div id=\"recaptcha106\" class=\"g-recaptcha\" data-sitekey=\"6LdvIQkUAAAAALfa1Os3H2tjyzFJ6F1Gspz6tWCy\" data-form_id=\"10\"><\/div><\/div><\/div><\/div><div wdid=\"8\" class=\"wdform_row \"><div type=\"type_submit_reset\" class=\"wdform-field wd-width-100 wd-flex wd-flex-column\"><div class=\"wdform-element-section wd-flex  wd-flex-row wd-width-100\" ><button  type=\"button\" class=\"button-submit\" onclick=\"fm_submit_form('10');\"  data-ajax=\"0\"><span class=\"fm-submit-loading spinner fm-ico-spinner\"><\/span>Odosla\u0165<\/button><button  type=\"button\" class=\"button-reset \" onclick=\"fm_reset_form(10);\" >Vymaza\u0165<\/button><\/div><\/div><\/div><\/div><\/div><div valign=\"top\" class=\"wdform_footer\" style=\"width: 100%;\"><div style=\"width: 100%;\"><div style=\"width: 100%; display: table; padding-top:10px;\"><div style=\"display: table-row-group;\"><div id=\"10page_nav1\" style=\"display: table-row;\"><\/div><\/div><\/div><\/div><\/div><\/div><\/div><div class=\"wdform_preload\"><\/div><\/form><\/div>\n<!-- PMB print buttons is only displayed on a single post\/page URLs-->","protected":false},"excerpt":{"rendered":"<div class=\"mh-excerpt\"><\/div>","protected":false},"author":3,"featured_media":0,"parent":0,"menu_order":3,"comment_status":"closed","ping_status":"closed","template":"","meta":[],"_links":{"self":[{"href":"https:\/\/www.zusnizna.sk\/index.php?rest_route=\/wp\/v2\/pages\/156"}],"collection":[{"href":"https:\/\/www.zusnizna.sk\/index.php?rest_route=\/wp\/v2\/pages"}],"about":[{"href":"https:\/\/www.zusnizna.sk\/index.php?rest_route=\/wp\/v2\/types\/page"}],"author":[{"embeddable":true,"href":"https:\/\/www.zusnizna.sk\/index.php?rest_route=\/wp\/v2\/users\/3"}],"replies":[{"embeddable":true,"href":"https:\/\/www.zusnizna.sk\/index.php?rest_route=%2Fwp%2Fv2%2Fcomments&post=156"}],"version-history":[{"count":2,"href":"https:\/\/www.zusnizna.sk\/index.php?rest_route=\/wp\/v2\/pages\/156\/revisions"}],"predecessor-version":[{"id":3001,"href":"https:\/\/www.zusnizna.sk\/index.php?rest_route=\/wp\/v2\/pages\/156\/revisions\/3001"}],"wp:attachment":[{"href":"https:\/\/www.zusnizna.sk\/index.php?rest_route=%2Fwp%2Fv2%2Fmedia&parent=156"}],"curies":[{"name":"wp","href":"https:\/\/api.w.org\/{rel}","templated":true}]}}